{"id":426,"date":"2024-06-26T01:50:08","date_gmt":"2024-06-25T23:50:08","guid":{"rendered":"https:\/\/bde-enac.fr\/?page_id=426"},"modified":"2024-07-09T23:17:10","modified_gmt":"2024-07-09T21:17:10","slug":"se-nourrir-a-lenac-ou-a-cote","status":"publish","type":"page","link":"https:\/\/bde-enac.fr\/index.php\/se-nourrir-a-lenac-ou-a-cote\/","title":{"rendered":"Se nourrir \u00e0 l&rsquo;ENAC ou \u00e0 c\u00f4t\u00e9"},"content":{"rendered":"[et_pb_section fb_built=\u00a0\u00bb1&Prime; _builder_version=\u00a0\u00bb4.23.4&Prime; _module_preset=\u00a0\u00bbdefault\u00a0\u00bb global_colors_info=\u00a0\u00bb{}\u00a0\u00bb][et_pb_row _builder_version=\u00a0\u00bb4.23.4&Prime; _module_preset=\u00a0\u00bbdefault\u00a0\u00bb locked=\u00a0\u00bboff\u00a0\u00bb global_colors_info=\u00a0\u00bb{}\u00a0\u00bb][et_pb_column type=\u00a0\u00bb4_4&Prime; _builder_version=\u00a0\u00bb4.23.4&Prime; _module_preset=\u00a0\u00bbdefault\u00a0\u00bb global_colors_info=\u00a0\u00bb{}\u00a0\u00bb][et_pb_text _builder_version=\u00a0\u00bb4.23.4&Prime; text_font=\u00a0\u00bb||||||||\u00a0\u00bb ul_font=\u00a0\u00bb||||||||\u00a0\u00bb ol_font=\u00a0\u00bb||||||||\u00a0\u00bb header_font=\u00a0\u00bb|700|||||||\u00a0\u00bb header_text_color=\u00a0\u00bb#00107a\u00a0\u00bb header_font_size=\u00a0\u00bb48px\u00a0\u00bb header_line_height=\u00a0\u00bb1.5em\u00a0\u00bb header_2_font=\u00a0\u00bb||||||||\u00a0\u00bb header_3_font=\u00a0\u00bbRubik|500||on|||||\u00a0\u00bb header_3_text_color=\u00a0\u00bb#098cf2&Prime; header_3_font_size=\u00a0\u00bb14px\u00a0\u00bb header_3_letter_spacing=\u00a0\u00bb2px\u00a0\u00bb header_3_line_height=\u00a0\u00bb2em\u00a0\u00bb header_4_font=\u00a0\u00bb||||||||\u00a0\u00bb header_5_font=\u00a0\u00bb||||||||\u00a0\u00bb header_6_font=\u00a0\u00bb||||||||\u00a0\u00bb header_font_size_tablet=\u00a0\u00bb38px\u00a0\u00bb header_font_size_phone=\u00a0\u00bb28px\u00a0\u00bb header_font_size_last_edited=\u00a0\u00bbon|phone\u00a0\u00bb locked=\u00a0\u00bboff\u00a0\u00bb global_colors_info=\u00a0\u00bb{}\u00a0\u00bb]<h1>Se nourrir<\/h1>[\/et_pb_text][et_pb_divider color=\u00a0\u00bb#001769&Prime; divider_weight=\u00a0\u00bb4px\u00a0\u00bb _builder_version=\u00a0\u00bb4.23.4&Prime; max_width=\u00a0\u00bb140px\u00a0\u00bb height=\u00a0\u00bb4px\u00a0\u00bb locked=\u00a0\u00bboff\u00a0\u00bb global_colors_info=\u00a0\u00bb{}\u00a0\u00bb][\/et_pb_divider][et_pb_text _builder_version=\u00a0\u00bb4.23.4&Prime; _module_preset=\u00a0\u00bbdefault\u00a0\u00bb global_colors_info=\u00a0\u00bb{}\u00a0\u00bb]<p>Pour vous nourrir il existe plusieurs possibilit\u00e9s, vous retrouverez ici une liste non exhaustive de ce que nous avons pr\u00e8s de l&rsquo;ENAC et \u00e0 l&rsquo;ENAC.<\/p>[\/et_pb_text][\/et_pb_column][\/et_pb_row][\/et_pb_section][et_pb_section fb_built=\u00a0\u00bb1&Prime; _builder_version=\u00a0\u00bb4.23.4&Prime; _module_preset=\u00a0\u00bbdefault\u00a0\u00bb global_colors_info=\u00a0\u00bb{}\u00a0\u00bb][et_pb_row _builder_version=\u00a0\u00bb4.23.4&Prime; _module_preset=\u00a0\u00bbdefault\u00a0\u00bb global_colors_info=\u00a0\u00bb{}\u00a0\u00bb][et_pb_column type=\u00a0\u00bb4_4&Prime; _builder_version=\u00a0\u00bb4.23.4&Prime; _module_preset=\u00a0\u00bbdefault\u00a0\u00bb global_colors_info=\u00a0\u00bb{}\u00a0\u00bb][et_pb_text _builder_version=\u00a0\u00bb4.23.4&Prime; _module_preset=\u00a0\u00bbdefault\u00a0\u00bb global_colors_info=\u00a0\u00bb{}\u00a0\u00bb]<h2>A l&rsquo;ENAC<\/h2>[\/et_pb_text][\/et_pb_column][\/et_pb_row][et_pb_row column_structure=\u00a0\u00bb1_2,1_2&Prime; _builder_version=\u00a0\u00bb4.26.0&Prime; _module_preset=\u00a0\u00bbdefault\u00a0\u00bb hover_enabled=\u00a0\u00bb0&Prime; global_colors_info=\u00a0\u00bb{}\u00a0\u00bb sticky_enabled=\u00a0\u00bb0&Prime;][et_pb_column type=\u00a0\u00bb1_2&Prime; _builder_version=\u00a0\u00bb4.26.0&Prime; _module_preset=\u00a0\u00bbdefault\u00a0\u00bb hover_enabled=\u00a0\u00bb0&Prime; global_colors_info=\u00a0\u00bb{}\u00a0\u00bb animation_style=\u00a0\u00bbfade\u00a0\u00bb sticky_enabled=\u00a0\u00bb0&Prime;][et_pb_text _builder_version=\u00a0\u00bb4.23.4&Prime; _module_preset=\u00a0\u00bbdefault\u00a0\u00bb global_colors_info=\u00a0\u00bb{}\u00a0\u00bb]<p><\/p>\n<h3 class=\"has-medium-font-size\"><strong>La cantine :<\/strong><\/h3>\n<p><\/p>\n<p><\/p>\n<p>Ouverte de 11h30 \u00e0 13h45 et de 18h30 \u00e0 20h30 du lundi au vendredi. Menu \u00e0 partir de 3\u20ac30. Au premier \u00e9tage du b\u00e2timent Orly<\/p>[\/et_pb_text][\/et_pb_column][et_pb_column type=\u00a0\u00bb1_2&Prime; _builder_version=\u00a0\u00bb4.26.0&Prime; _module_preset=\u00a0\u00bbdefault\u00a0\u00bb hover_enabled=\u00a0\u00bb0&Prime; global_colors_info=\u00a0\u00bb{}\u00a0\u00bb animation_style=\u00a0\u00bbslide\u00a0\u00bb animation_direction=\u00a0\u00bbright\u00a0\u00bb sticky_enabled=\u00a0\u00bb0&Prime;][et_pb_image src=\u00a0\u00bbhttp:\/\/bde-enac.fr\/wp-content\/uploads\/2024\/07\/53646880793_8d8aeb29f7_o.png\u00a0\u00bb title_text=\u00a0\u00bb53646880793_8d8aeb29f7_o\u00a0\u00bb _builder_version=\u00a0\u00bb4.26.0&Prime; _module_preset=\u00a0\u00bbdefault\u00a0\u00bb hover_enabled=\u00a0\u00bb0&Prime; global_colors_info=\u00a0\u00bb{}\u00a0\u00bb border_radii=\u00a0\u00bbon|15px|15px|15px|15px\u00a0\u00bb sticky_enabled=\u00a0\u00bb0&Prime;][\/et_pb_image][\/et_pb_column][\/et_pb_row][et_pb_row column_structure=\u00a0\u00bb1_2,1_2&Prime; _builder_version=\u00a0\u00bb4.26.0&Prime; _module_preset=\u00a0\u00bbdefault\u00a0\u00bb hover_enabled=\u00a0\u00bb0&Prime; global_colors_info=\u00a0\u00bb{}\u00a0\u00bb sticky_enabled=\u00a0\u00bb0&Prime;][et_pb_column type=\u00a0\u00bb1_2&Prime; _builder_version=\u00a0\u00bb4.26.0&Prime; _module_preset=\u00a0\u00bbdefault\u00a0\u00bb hover_enabled=\u00a0\u00bb0&Prime; global_colors_info=\u00a0\u00bb{}\u00a0\u00bb animation_style=\u00a0\u00bbslide\u00a0\u00bb animation_direction=\u00a0\u00bbleft\u00a0\u00bb sticky_enabled=\u00a0\u00bb0&Prime;][et_pb_image src=\u00a0\u00bbhttp:\/\/bde-enac.fr\/wp-content\/uploads\/2024\/07\/53646662041_1498abe6a2_o.png\u00a0\u00bb title_text=\u00a0\u00bb53646662041_1498abe6a2_o\u00a0\u00bb _builder_version=\u00a0\u00bb4.26.0&Prime; _module_preset=\u00a0\u00bbdefault\u00a0\u00bb hover_enabled=\u00a0\u00bb0&Prime; global_colors_info=\u00a0\u00bb{}\u00a0\u00bb border_radii=\u00a0\u00bbon|15px|15px|15px|15px\u00a0\u00bb sticky_enabled=\u00a0\u00bb0&Prime;][\/et_pb_image][\/et_pb_column][et_pb_column type=\u00a0\u00bb1_2&Prime; _builder_version=\u00a0\u00bb4.26.0&Prime; _module_preset=\u00a0\u00bbdefault\u00a0\u00bb hover_enabled=\u00a0\u00bb0&Prime; global_colors_info=\u00a0\u00bb{}\u00a0\u00bb animation_style=\u00a0\u00bbfade\u00a0\u00bb sticky_enabled=\u00a0\u00bb0&Prime;][et_pb_text _builder_version=\u00a0\u00bb4.23.4&Prime; _module_preset=\u00a0\u00bbdefault\u00a0\u00bb global_colors_info=\u00a0\u00bb{}\u00a0\u00bb]<h3 class=\"has-medium-font-size\"><strong>La caf\u00e9t\u00e9ria :<\/strong><\/h3>\n<p><\/p>\n<p><\/p>\n<p>Ouverte de 7h30 \u00e0 14h du lundi au vendredi. Au red-de-chauss\u00e9e du b\u00e2timent Orly<\/p>\n<h3>\u200b\u200b\u200b<\/h3>[\/et_pb_text][\/et_pb_column][\/et_pb_row][\/et_pb_section][et_pb_section fb_built=\u00a0\u00bb1&Prime; _builder_version=\u00a0\u00bb4.23.4&Prime; _module_preset=\u00a0\u00bbdefault\u00a0\u00bb global_colors_info=\u00a0\u00bb{}\u00a0\u00bb][et_pb_row _builder_version=\u00a0\u00bb4.26.0&Prime; _module_preset=\u00a0\u00bbdefault\u00a0\u00bb hover_enabled=\u00a0\u00bb0&Prime; global_colors_info=\u00a0\u00bb{}\u00a0\u00bb animation_style=\u00a0\u00bbfade\u00a0\u00bb sticky_enabled=\u00a0\u00bb0&Prime;][et_pb_column type=\u00a0\u00bb4_4&Prime; _builder_version=\u00a0\u00bb4.23.4&Prime; _module_preset=\u00a0\u00bbdefault\u00a0\u00bb global_colors_info=\u00a0\u00bb{}\u00a0\u00bb][et_pb_text _builder_version=\u00a0\u00bb4.23.4&Prime; _module_preset=\u00a0\u00bbdefault\u00a0\u00bb global_colors_info=\u00a0\u00bb{}\u00a0\u00bb]<h2>Hors de l&rsquo;ENAC<\/h2>[\/et_pb_text][et_pb_text _builder_version=\u00a0\u00bb4.23.4&Prime; _module_preset=\u00a0\u00bbdefault\u00a0\u00bb global_colors_info=\u00a0\u00bb{}\u00a0\u00bb]<ul>\n<li>Mcdo + KFC + Subway \u00e0 Montaudran : 10 minutes en voiture et &#8230;. en bus ligne &#8230;.<\/li>\n<li>Centre commercial Leclerc Saint-Orens + Burger King : 15 minutes en voiture et &#8230; en bus ligne &#8230;.<\/li>\n<li>Centre commercial Carrefour Lab\u00e8ge : 15 minutes en voiture<\/li>\n<li>Auchan Montaudran :<\/li>\n<li>Drive Leclerc Montaudran :<\/li>\n<li>Lidl Montaudran :<\/li>\n<\/ul>\n<p><\/p>\n<p><\/p>\n<ul>\n<ul><\/ul>\n<\/ul>\n<p><\/p>\n<p><\/p>\n<ul>\n<ul><\/ul>\n<\/ul>\n<p><\/p>\n<p><\/p>\n<ul>\n<ul><\/ul>\n<\/ul>\n<p><\/p>\n<p><\/p>\n<ul>\n<ul><\/ul>\n<\/ul>\n<p><\/p>\n<p><\/p>\n<ul>\n<ul><\/ul>\n<\/ul>[\/et_pb_text][\/et_pb_column][\/et_pb_row][\/et_pb_section]","protected":false},"excerpt":{"rendered":"<p>Se nourrirPour vous nourrir il existe plusieurs possibilit\u00e9s, vous retrouverez ici une liste non exhaustive de ce que nous avons pr\u00e8s de l&rsquo;ENAC et \u00e0 l&rsquo;ENAC.A l&rsquo;ENAC La cantine : Ouverte de 11h30 \u00e0 13h45 et de 18h30 \u00e0 20h30 du lundi au vendredi. Menu \u00e0 partir de 3\u20ac30. Au premier \u00e9tage du b\u00e2timent OrlyLa [&hellip;]<\/p>\n","protected":false},"author":1,"featured_media":0,"parent":0,"menu_order":0,"comment_status":"closed","ping_status":"closed","template":"","meta":{"_et_pb_use_builder":"on","_et_pb_old_content":"<!-- wp:paragraph {\"fontSize\":\"medium\"} -->\n<p class=\"has-medium-font-size\">A l'ENAC : <\/p>\n<!-- \/wp:paragraph -->\n\n<!-- wp:media-text {\"mediaId\":484,\"mediaLink\":\"https:\/\/bde-enac.fr\/index.php\/se-nourrir-a-lenac-ou-a-cote\/53646880793_8d8aeb29f7_o\/\",\"mediaType\":\"image\"} -->\n<div class=\"wp-block-media-text is-stacked-on-mobile\"><figure class=\"wp-block-media-text__media\"><img src=\"https:\/\/bde-enac.fr\/wp-content\/uploads\/2024\/07\/53646880793_8d8aeb29f7_o-1024x984.png\" alt=\"\" class=\"wp-image-484 size-full\"\/><\/figure><div class=\"wp-block-media-text__content\"><!-- wp:paragraph {\"placeholder\":\"Content\u2026\",\"fontSize\":\"medium\"} -->\n<p class=\"has-medium-font-size\"><strong>La cantine :<\/strong><\/p>\n<!-- \/wp:paragraph -->\n\n<!-- wp:paragraph -->\n<p>Ouverte de 11h30 \u00e0 13h45 et de 18h30 \u00e0 20h30 du lundi au vendredi. Menu \u00e0 partir de 3\u20ac30. Au premier \u00e9tage du b\u00e2timent Orly<\/p>\n<!-- \/wp:paragraph --><\/div><\/div>\n<!-- \/wp:media-text -->\n\n<!-- wp:media-text {\"mediaPosition\":\"right\",\"mediaId\":485,\"mediaLink\":\"https:\/\/bde-enac.fr\/index.php\/se-nourrir-a-lenac-ou-a-cote\/53646662041_1498abe6a2_o\/\",\"mediaType\":\"image\"} -->\n<div class=\"wp-block-media-text has-media-on-the-right is-stacked-on-mobile\"><div class=\"wp-block-media-text__content\"><!-- wp:paragraph {\"placeholder\":\"Content\u2026\",\"fontSize\":\"medium\"} -->\n<p class=\"has-medium-font-size\"><strong>La caf\u00e9t\u00e9ria :<\/strong><\/p>\n<!-- \/wp:paragraph -->\n\n<!-- wp:paragraph -->\n<p>Ouverte de 7h30 \u00e0 14h du lundi au vendredi. Au red-de-chauss\u00e9e du b\u00e2timent Orly<\/p>\n<!-- \/wp:paragraph --><\/div><figure class=\"wp-block-media-text__media\"><img src=\"https:\/\/bde-enac.fr\/wp-content\/uploads\/2024\/07\/53646662041_1498abe6a2_o-1024x768.png\" alt=\"\" class=\"wp-image-485 size-full\"\/><\/figure><\/div>\n<!-- \/wp:media-text -->\n\n<!-- wp:paragraph {\"fontSize\":\"medium\"} -->\n<p class=\"has-medium-font-size\">En dehors de l'ENAC : <\/p>\n<!-- \/wp:paragraph -->\n\n<!-- wp:list -->\n<ul><!-- wp:list-item -->\n<li>Mcdo + KFC + Subway \u00e0 Montaudran : 10 minutes en voiture et .... en bus ligne ....<\/li>\n<!-- \/wp:list-item -->\n\n<!-- wp:list-item -->\n<li>Centre commercial Leclerc Saint-Orens + Burger King : 15 minutes en voiture et ... en bus ligne ....<\/li>\n<!-- \/wp:list-item -->\n\n<!-- wp:list-item -->\n<li>Centre commercial Carrefour Lab\u00e8ge : 15 minutes en voiture<\/li>\n<!-- \/wp:list-item -->\n\n<!-- wp:list-item -->\n<li>Auchan Montaudran : <\/li>\n<!-- \/wp:list-item -->\n\n<!-- wp:list-item -->\n<li>Drive Leclerc Montaudran :<\/li>\n<!-- \/wp:list-item -->\n\n<!-- wp:list-item -->\n<li>Lidl Montaudran : <\/li>\n<!-- \/wp:list-item --><\/ul>\n<!-- \/wp:list -->","_et_gb_content_width":"","footnotes":""},"class_list":["post-426","page","type-page","status-publish","hentry"],"yoast_head":"<!-- This site is optimized with the Yoast SEO plugin v23.3 - https:\/\/yoast.com\/wordpress\/plugins\/seo\/ -->\n<title>Se nourrir \u00e0 l&#039;ENAC ou \u00e0 c\u00f4t\u00e9 - BDE ENAC<\/title>\n<meta name=\"robots\" content=\"index, follow, max-snippet:-1, max-image-preview:large, max-video-preview:-1\" \/>\n<link rel=\"canonical\" href=\"https:\/\/bde-enac.fr\/index.php\/se-nourrir-a-lenac-ou-a-cote\/\" \/>\n<meta property=\"og:locale\" content=\"fr_FR\" \/>\n<meta property=\"og:type\" content=\"article\" \/>\n<meta property=\"og:title\" content=\"Se nourrir \u00e0 l&#039;ENAC ou \u00e0 c\u00f4t\u00e9 - BDE ENAC\" \/>\n<meta property=\"og:description\" content=\"Se nourrirPour vous nourrir il existe plusieurs possibilit\u00e9s, vous retrouverez ici une liste non exhaustive de ce que nous avons pr\u00e8s de l&#039;ENAC et \u00e0 l&#039;ENAC.A l&#039;ENAC La cantine : Ouverte de 11h30 \u00e0 13h45 et de 18h30 \u00e0 20h30 du lundi au vendredi. Menu \u00e0 partir de 3\u20ac30. Au premier \u00e9tage du b\u00e2timent OrlyLa [&hellip;]\" \/>\n<meta property=\"og:url\" content=\"https:\/\/bde-enac.fr\/index.php\/se-nourrir-a-lenac-ou-a-cote\/\" \/>\n<meta property=\"og:site_name\" content=\"BDE ENAC\" \/>\n<meta property=\"article:modified_time\" content=\"2024-07-09T21:17:10+00:00\" \/>\n<meta name=\"twitter:card\" content=\"summary_large_image\" \/>\n<meta name=\"twitter:label1\" content=\"Dur\u00e9e de lecture estim\u00e9e\" \/>\n\t<meta name=\"twitter:data1\" content=\"3 minutes\" \/>\n<script type=\"application\/ld+json\" class=\"yoast-schema-graph\">{\"@context\":\"https:\/\/schema.org\",\"@graph\":[{\"@type\":\"WebPage\",\"@id\":\"https:\/\/bde-enac.fr\/index.php\/se-nourrir-a-lenac-ou-a-cote\/\",\"url\":\"https:\/\/bde-enac.fr\/index.php\/se-nourrir-a-lenac-ou-a-cote\/\",\"name\":\"Se nourrir \u00e0 l'ENAC ou \u00e0 c\u00f4t\u00e9 - BDE ENAC\",\"isPartOf\":{\"@id\":\"https:\/\/bde-enac.fr\/#website\"},\"datePublished\":\"2024-06-25T23:50:08+00:00\",\"dateModified\":\"2024-07-09T21:17:10+00:00\",\"breadcrumb\":{\"@id\":\"https:\/\/bde-enac.fr\/index.php\/se-nourrir-a-lenac-ou-a-cote\/#breadcrumb\"},\"inLanguage\":\"fr-FR\",\"potentialAction\":[{\"@type\":\"ReadAction\",\"target\":[\"https:\/\/bde-enac.fr\/index.php\/se-nourrir-a-lenac-ou-a-cote\/\"]}]},{\"@type\":\"BreadcrumbList\",\"@id\":\"https:\/\/bde-enac.fr\/index.php\/se-nourrir-a-lenac-ou-a-cote\/#breadcrumb\",\"itemListElement\":[{\"@type\":\"ListItem\",\"position\":1,\"name\":\"Home\",\"item\":\"https:\/\/bde-enac.fr\/\"},{\"@type\":\"ListItem\",\"position\":2,\"name\":\"Se nourrir \u00e0 l&#8217;ENAC ou \u00e0 c\u00f4t\u00e9\"}]},{\"@type\":\"WebSite\",\"@id\":\"https:\/\/bde-enac.fr\/#website\",\"url\":\"https:\/\/bde-enac.fr\/\",\"name\":\"BDE ENAC\",\"description\":\"\",\"publisher\":{\"@id\":\"https:\/\/bde-enac.fr\/#organization\"},\"potentialAction\":[{\"@type\":\"SearchAction\",\"target\":{\"@type\":\"EntryPoint\",\"urlTemplate\":\"https:\/\/bde-enac.fr\/?s={search_term_string}\"},\"query-input\":\"required name=search_term_string\"}],\"inLanguage\":\"fr-FR\"},{\"@type\":\"Organization\",\"@id\":\"https:\/\/bde-enac.fr\/#organization\",\"name\":\"BDE ENAC\",\"url\":\"https:\/\/bde-enac.fr\/\",\"logo\":{\"@type\":\"ImageObject\",\"inLanguage\":\"fr-FR\",\"@id\":\"https:\/\/bde-enac.fr\/#\/schema\/logo\/image\/\",\"url\":\"https:\/\/bde-enac.fr\/wp-content\/uploads\/2024\/06\/PNG-image-2.png\",\"contentUrl\":\"https:\/\/bde-enac.fr\/wp-content\/uploads\/2024\/06\/PNG-image-2.png\",\"width\":1098,\"height\":1098,\"caption\":\"BDE ENAC\"},\"image\":{\"@id\":\"https:\/\/bde-enac.fr\/#\/schema\/logo\/image\/\"}}]}<\/script>\n<!-- \/ Yoast SEO plugin. -->","yoast_head_json":{"title":"Se nourrir \u00e0 l'ENAC ou \u00e0 c\u00f4t\u00e9 - BDE ENAC","robots":{"index":"index","follow":"follow","max-snippet":"max-snippet:-1","max-image-preview":"max-image-preview:large","max-video-preview":"max-video-preview:-1"},"canonical":"https:\/\/bde-enac.fr\/index.php\/se-nourrir-a-lenac-ou-a-cote\/","og_locale":"fr_FR","og_type":"article","og_title":"Se nourrir \u00e0 l'ENAC ou \u00e0 c\u00f4t\u00e9 - BDE ENAC","og_description":"Se nourrirPour vous nourrir il existe plusieurs possibilit\u00e9s, vous retrouverez ici une liste non exhaustive de ce que nous avons pr\u00e8s de l'ENAC et \u00e0 l'ENAC.A l'ENAC La cantine : Ouverte de 11h30 \u00e0 13h45 et de 18h30 \u00e0 20h30 du lundi au vendredi. Menu \u00e0 partir de 3\u20ac30. Au premier \u00e9tage du b\u00e2timent OrlyLa [&hellip;]","og_url":"https:\/\/bde-enac.fr\/index.php\/se-nourrir-a-lenac-ou-a-cote\/","og_site_name":"BDE ENAC","article_modified_time":"2024-07-09T21:17:10+00:00","twitter_card":"summary_large_image","twitter_misc":{"Dur\u00e9e de lecture estim\u00e9e":"3 minutes"},"schema":{"@context":"https:\/\/schema.org","@graph":[{"@type":"WebPage","@id":"https:\/\/bde-enac.fr\/index.php\/se-nourrir-a-lenac-ou-a-cote\/","url":"https:\/\/bde-enac.fr\/index.php\/se-nourrir-a-lenac-ou-a-cote\/","name":"Se nourrir \u00e0 l'ENAC ou \u00e0 c\u00f4t\u00e9 - BDE ENAC","isPartOf":{"@id":"https:\/\/bde-enac.fr\/#website"},"datePublished":"2024-06-25T23:50:08+00:00","dateModified":"2024-07-09T21:17:10+00:00","breadcrumb":{"@id":"https:\/\/bde-enac.fr\/index.php\/se-nourrir-a-lenac-ou-a-cote\/#breadcrumb"},"inLanguage":"fr-FR","potentialAction":[{"@type":"ReadAction","target":["https:\/\/bde-enac.fr\/index.php\/se-nourrir-a-lenac-ou-a-cote\/"]}]},{"@type":"BreadcrumbList","@id":"https:\/\/bde-enac.fr\/index.php\/se-nourrir-a-lenac-ou-a-cote\/#breadcrumb","itemListElement":[{"@type":"ListItem","position":1,"name":"Home","item":"https:\/\/bde-enac.fr\/"},{"@type":"ListItem","position":2,"name":"Se nourrir \u00e0 l&#8217;ENAC ou \u00e0 c\u00f4t\u00e9"}]},{"@type":"WebSite","@id":"https:\/\/bde-enac.fr\/#website","url":"https:\/\/bde-enac.fr\/","name":"BDE ENAC","description":"","publisher":{"@id":"https:\/\/bde-enac.fr\/#organization"},"potentialAction":[{"@type":"SearchAction","target":{"@type":"EntryPoint","urlTemplate":"https:\/\/bde-enac.fr\/?s={search_term_string}"},"query-input":"required name=search_term_string"}],"inLanguage":"fr-FR"},{"@type":"Organization","@id":"https:\/\/bde-enac.fr\/#organization","name":"BDE ENAC","url":"https:\/\/bde-enac.fr\/","logo":{"@type":"ImageObject","inLanguage":"fr-FR","@id":"https:\/\/bde-enac.fr\/#\/schema\/logo\/image\/","url":"https:\/\/bde-enac.fr\/wp-content\/uploads\/2024\/06\/PNG-image-2.png","contentUrl":"https:\/\/bde-enac.fr\/wp-content\/uploads\/2024\/06\/PNG-image-2.png","width":1098,"height":1098,"caption":"BDE ENAC"},"image":{"@id":"https:\/\/bde-enac.fr\/#\/schema\/logo\/image\/"}}]}},"_links":{"self":[{"href":"https:\/\/bde-enac.fr\/index.php\/wp-json\/wp\/v2\/pages\/426","targetHints":{"allow":["GET"]}}],"collection":[{"href":"https:\/\/bde-enac.fr\/index.php\/wp-json\/wp\/v2\/pages"}],"about":[{"href":"https:\/\/bde-enac.fr\/index.php\/wp-json\/wp\/v2\/types\/page"}],"author":[{"embeddable":true,"href":"https:\/\/bde-enac.fr\/index.php\/wp-json\/wp\/v2\/users\/1"}],"replies":[{"embeddable":true,"href":"https:\/\/bde-enac.fr\/index.php\/wp-json\/wp\/v2\/comments?post=426"}],"version-history":[{"count":9,"href":"https:\/\/bde-enac.fr\/index.php\/wp-json\/wp\/v2\/pages\/426\/revisions"}],"predecessor-version":[{"id":901,"href":"https:\/\/bde-enac.fr\/index.php\/wp-json\/wp\/v2\/pages\/426\/revisions\/901"}],"wp:attachment":[{"href":"https:\/\/bde-enac.fr\/index.php\/wp-json\/wp\/v2\/media?parent=426"}],"curies":[{"name":"wp","href":"https:\/\/api.w.org\/{rel}","templated":true}]}}