{"id":734,"date":"2024-07-05T12:54:03","date_gmt":"2024-07-05T10:54:03","guid":{"rendered":"https:\/\/bde-enac.fr\/?page_id=734"},"modified":"2024-07-09T23:21:13","modified_gmt":"2024-07-09T21:21:13","slug":"evenements-a-venir","status":"publish","type":"page","link":"https:\/\/bde-enac.fr\/index.php\/evenements-a-venir\/","title":{"rendered":"\u00c9v\u00e9nements \u00e0 venir"},"content":{"rendered":"<p>[et_pb_section fb_built=\u00a0\u00bb1&Prime; _builder_version=\u00a0\u00bb4.26.0&Prime; _module_preset=\u00a0\u00bbdefault\u00a0\u00bb global_colors_info=\u00a0\u00bb{}\u00a0\u00bb][et_pb_row _builder_version=\u00a0\u00bb4.23.4&Prime; _module_preset=\u00a0\u00bbdefault\u00a0\u00bb locked=\u00a0\u00bboff\u00a0\u00bb global_colors_info=\u00a0\u00bb{}\u00a0\u00bb][et_pb_column type=\u00a0\u00bb4_4&Prime; _builder_version=\u00a0\u00bb4.23.4&Prime; _module_preset=\u00a0\u00bbdefault\u00a0\u00bb global_colors_info=\u00a0\u00bb{}\u00a0\u00bb][et_pb_text _builder_version=\u00a0\u00bb4.26.0&Prime; text_font=\u00a0\u00bb||||||||\u00a0\u00bb ul_font=\u00a0\u00bb||||||||\u00a0\u00bb ol_font=\u00a0\u00bb||||||||\u00a0\u00bb header_font=\u00a0\u00bb|700|||||||\u00a0\u00bb header_text_color=\u00a0\u00bb#00107a\u00a0\u00bb header_font_size=\u00a0\u00bb48px\u00a0\u00bb header_line_height=\u00a0\u00bb1.5em\u00a0\u00bb header_2_font=\u00a0\u00bb||||||||\u00a0\u00bb header_3_font=\u00a0\u00bbRubik|500||on|||||\u00a0\u00bb header_3_text_color=\u00a0\u00bb#098cf2&Prime; header_3_font_size=\u00a0\u00bb14px\u00a0\u00bb header_3_letter_spacing=\u00a0\u00bb2px\u00a0\u00bb header_3_line_height=\u00a0\u00bb2em\u00a0\u00bb header_4_font=\u00a0\u00bb||||||||\u00a0\u00bb header_5_font=\u00a0\u00bb||||||||\u00a0\u00bb header_6_font=\u00a0\u00bb||||||||\u00a0\u00bb header_font_size_tablet=\u00a0\u00bb38px\u00a0\u00bb header_font_size_phone=\u00a0\u00bb28px\u00a0\u00bb header_font_size_last_edited=\u00a0\u00bbon|phone\u00a0\u00bb locked=\u00a0\u00bboff\u00a0\u00bb global_colors_info=\u00a0\u00bb{}\u00a0\u00bb]<\/p>\n<h3><\/h3>\n<h1>\u00c9v\u00e9nements \u00e0 venir<\/h1>\n<p>[\/et_pb_text][et_pb_divider color=\u00a0\u00bb#001769&Prime; divider_weight=\u00a0\u00bb4px\u00a0\u00bb _builder_version=\u00a0\u00bb4.23.4&Prime; max_width=\u00a0\u00bb140px\u00a0\u00bb height=\u00a0\u00bb4px\u00a0\u00bb locked=\u00a0\u00bboff\u00a0\u00bb global_colors_info=\u00a0\u00bb{}\u00a0\u00bb][\/et_pb_divider][et_pb_text _builder_version=\u00a0\u00bb4.26.0&Prime; _module_preset=\u00a0\u00bbdefault\u00a0\u00bb hover_enabled=\u00a0\u00bb0&Prime; global_colors_info=\u00a0\u00bb{}\u00a0\u00bb sticky_enabled=\u00a0\u00bb0&Prime;]<\/p>\n<p><span>Ici tu trouveras tous nos \u00e9v\u00e9nements \u00e0 venir et les informations relatives \u00e0 ces derniers : dates d&rsquo;inscriptions, photos, r\u00e9glements, &#8230;<\/span><\/p>\n<p>[\/et_pb_text][\/et_pb_column][\/et_pb_row][\/et_pb_section][et_pb_section fb_built=\u00a0\u00bb1&Prime; _builder_version=\u00a0\u00bb4.26.0&Prime; _module_preset=\u00a0\u00bbdefault\u00a0\u00bb global_colors_info=\u00a0\u00bb{}\u00a0\u00bb][et_pb_row _builder_version=\u00a0\u00bb4.26.0&Prime; _module_preset=\u00a0\u00bbdefault\u00a0\u00bb global_colors_info=\u00a0\u00bb{}\u00a0\u00bb][et_pb_column type=\u00a0\u00bb4_4&Prime; _builder_version=\u00a0\u00bb4.26.0&Prime; _module_preset=\u00a0\u00bbdefault\u00a0\u00bb global_colors_info=\u00a0\u00bb{}\u00a0\u00bb][et_pb_blog _builder_version=\u00a0\u00bb4.26.0&Prime; _module_preset=\u00a0\u00bbdefault\u00a0\u00bb global_colors_info=\u00a0\u00bb{}\u00a0\u00bb][\/et_pb_blog][\/et_pb_column][\/et_pb_row][\/et_pb_section]<\/p>\n","protected":false},"excerpt":{"rendered":"<p>\u00c9v\u00e9nements \u00e0 venirIci tu trouveras tous nos \u00e9v\u00e9nements \u00e0 venir et les informations relatives \u00e0 ces derniers : dates d&rsquo;inscriptions, photos, r\u00e9glements, &#8230;<\/p>\n","protected":false},"author":1,"featured_media":0,"parent":0,"menu_order":0,"comment_status":"closed","ping_status":"closed","template":"","meta":{"_et_pb_use_builder":"on","_et_pb_old_content":"","_et_gb_content_width":"","footnotes":""},"class_list":["post-734","page","type-page","status-publish","hentry"],"yoast_head":"<!-- This site is optimized with the Yoast SEO plugin v23.3 - https:\/\/yoast.com\/wordpress\/plugins\/seo\/ -->\n<title>\u00c9v\u00e9nements \u00e0 venir - BDE ENAC<\/title>\n<meta name=\"robots\" content=\"index, follow, max-snippet:-1, max-image-preview:large, max-video-preview:-1\" \/>\n<link rel=\"canonical\" href=\"https:\/\/bde-enac.fr\/index.php\/evenements-a-venir\/\" \/>\n<meta property=\"og:locale\" content=\"fr_FR\" \/>\n<meta property=\"og:type\" content=\"article\" \/>\n<meta property=\"og:title\" content=\"\u00c9v\u00e9nements \u00e0 venir - BDE ENAC\" \/>\n<meta property=\"og:description\" content=\"\u00c9v\u00e9nements \u00e0 venirIci tu trouveras tous nos \u00e9v\u00e9nements \u00e0 venir et les informations relatives \u00e0 ces derniers : dates d&#039;inscriptions, photos, r\u00e9glements, ...\" \/>\n<meta property=\"og:url\" content=\"https:\/\/bde-enac.fr\/index.php\/evenements-a-venir\/\" \/>\n<meta property=\"og:site_name\" content=\"BDE ENAC\" \/>\n<meta property=\"article:modified_time\" content=\"2024-07-09T21:21:13+00:00\" \/>\n<meta name=\"twitter:card\" content=\"summary_large_image\" \/>\n<meta name=\"twitter:label1\" content=\"Dur\u00e9e de lecture estim\u00e9e\" \/>\n\t<meta name=\"twitter:data1\" content=\"1 minute\" \/>\n<script type=\"application\/ld+json\" class=\"yoast-schema-graph\">{\"@context\":\"https:\/\/schema.org\",\"@graph\":[{\"@type\":\"WebPage\",\"@id\":\"https:\/\/bde-enac.fr\/index.php\/evenements-a-venir\/\",\"url\":\"https:\/\/bde-enac.fr\/index.php\/evenements-a-venir\/\",\"name\":\"\u00c9v\u00e9nements \u00e0 venir - BDE ENAC\",\"isPartOf\":{\"@id\":\"https:\/\/bde-enac.fr\/#website\"},\"datePublished\":\"2024-07-05T10:54:03+00:00\",\"dateModified\":\"2024-07-09T21:21:13+00:00\",\"breadcrumb\":{\"@id\":\"https:\/\/bde-enac.fr\/index.php\/evenements-a-venir\/#breadcrumb\"},\"inLanguage\":\"fr-FR\",\"potentialAction\":[{\"@type\":\"ReadAction\",\"target\":[\"https:\/\/bde-enac.fr\/index.php\/evenements-a-venir\/\"]}]},{\"@type\":\"BreadcrumbList\",\"@id\":\"https:\/\/bde-enac.fr\/index.php\/evenements-a-venir\/#breadcrumb\",\"itemListElement\":[{\"@type\":\"ListItem\",\"position\":1,\"name\":\"Home\",\"item\":\"https:\/\/bde-enac.fr\/\"},{\"@type\":\"ListItem\",\"position\":2,\"name\":\"\u00c9v\u00e9nements \u00e0 venir\"}]},{\"@type\":\"WebSite\",\"@id\":\"https:\/\/bde-enac.fr\/#website\",\"url\":\"https:\/\/bde-enac.fr\/\",\"name\":\"BDE ENAC\",\"description\":\"\",\"publisher\":{\"@id\":\"https:\/\/bde-enac.fr\/#organization\"},\"potentialAction\":[{\"@type\":\"SearchAction\",\"target\":{\"@type\":\"EntryPoint\",\"urlTemplate\":\"https:\/\/bde-enac.fr\/?s={search_term_string}\"},\"query-input\":\"required name=search_term_string\"}],\"inLanguage\":\"fr-FR\"},{\"@type\":\"Organization\",\"@id\":\"https:\/\/bde-enac.fr\/#organization\",\"name\":\"BDE ENAC\",\"url\":\"https:\/\/bde-enac.fr\/\",\"logo\":{\"@type\":\"ImageObject\",\"inLanguage\":\"fr-FR\",\"@id\":\"https:\/\/bde-enac.fr\/#\/schema\/logo\/image\/\",\"url\":\"https:\/\/bde-enac.fr\/wp-content\/uploads\/2024\/06\/PNG-image-2.png\",\"contentUrl\":\"https:\/\/bde-enac.fr\/wp-content\/uploads\/2024\/06\/PNG-image-2.png\",\"width\":1098,\"height\":1098,\"caption\":\"BDE ENAC\"},\"image\":{\"@id\":\"https:\/\/bde-enac.fr\/#\/schema\/logo\/image\/\"}}]}<\/script>\n<!-- \/ Yoast SEO plugin. -->","yoast_head_json":{"title":"\u00c9v\u00e9nements \u00e0 venir - BDE ENAC","robots":{"index":"index","follow":"follow","max-snippet":"max-snippet:-1","max-image-preview":"max-image-preview:large","max-video-preview":"max-video-preview:-1"},"canonical":"https:\/\/bde-enac.fr\/index.php\/evenements-a-venir\/","og_locale":"fr_FR","og_type":"article","og_title":"\u00c9v\u00e9nements \u00e0 venir - BDE ENAC","og_description":"\u00c9v\u00e9nements \u00e0 venirIci tu trouveras tous nos \u00e9v\u00e9nements \u00e0 venir et les informations relatives \u00e0 ces derniers : dates d'inscriptions, photos, r\u00e9glements, ...","og_url":"https:\/\/bde-enac.fr\/index.php\/evenements-a-venir\/","og_site_name":"BDE ENAC","article_modified_time":"2024-07-09T21:21:13+00:00","twitter_card":"summary_large_image","twitter_misc":{"Dur\u00e9e de lecture estim\u00e9e":"1 minute"},"schema":{"@context":"https:\/\/schema.org","@graph":[{"@type":"WebPage","@id":"https:\/\/bde-enac.fr\/index.php\/evenements-a-venir\/","url":"https:\/\/bde-enac.fr\/index.php\/evenements-a-venir\/","name":"\u00c9v\u00e9nements \u00e0 venir - BDE ENAC","isPartOf":{"@id":"https:\/\/bde-enac.fr\/#website"},"datePublished":"2024-07-05T10:54:03+00:00","dateModified":"2024-07-09T21:21:13+00:00","breadcrumb":{"@id":"https:\/\/bde-enac.fr\/index.php\/evenements-a-venir\/#breadcrumb"},"inLanguage":"fr-FR","potentialAction":[{"@type":"ReadAction","target":["https:\/\/bde-enac.fr\/index.php\/evenements-a-venir\/"]}]},{"@type":"BreadcrumbList","@id":"https:\/\/bde-enac.fr\/index.php\/evenements-a-venir\/#breadcrumb","itemListElement":[{"@type":"ListItem","position":1,"name":"Home","item":"https:\/\/bde-enac.fr\/"},{"@type":"ListItem","position":2,"name":"\u00c9v\u00e9nements \u00e0 venir"}]},{"@type":"WebSite","@id":"https:\/\/bde-enac.fr\/#website","url":"https:\/\/bde-enac.fr\/","name":"BDE ENAC","description":"","publisher":{"@id":"https:\/\/bde-enac.fr\/#organization"},"potentialAction":[{"@type":"SearchAction","target":{"@type":"EntryPoint","urlTemplate":"https:\/\/bde-enac.fr\/?s={search_term_string}"},"query-input":"required name=search_term_string"}],"inLanguage":"fr-FR"},{"@type":"Organization","@id":"https:\/\/bde-enac.fr\/#organization","name":"BDE ENAC","url":"https:\/\/bde-enac.fr\/","logo":{"@type":"ImageObject","inLanguage":"fr-FR","@id":"https:\/\/bde-enac.fr\/#\/schema\/logo\/image\/","url":"https:\/\/bde-enac.fr\/wp-content\/uploads\/2024\/06\/PNG-image-2.png","contentUrl":"https:\/\/bde-enac.fr\/wp-content\/uploads\/2024\/06\/PNG-image-2.png","width":1098,"height":1098,"caption":"BDE ENAC"},"image":{"@id":"https:\/\/bde-enac.fr\/#\/schema\/logo\/image\/"}}]}},"_links":{"self":[{"href":"https:\/\/bde-enac.fr\/index.php\/wp-json\/wp\/v2\/pages\/734","targetHints":{"allow":["GET"]}}],"collection":[{"href":"https:\/\/bde-enac.fr\/index.php\/wp-json\/wp\/v2\/pages"}],"about":[{"href":"https:\/\/bde-enac.fr\/index.php\/wp-json\/wp\/v2\/types\/page"}],"author":[{"embeddable":true,"href":"https:\/\/bde-enac.fr\/index.php\/wp-json\/wp\/v2\/users\/1"}],"replies":[{"embeddable":true,"href":"https:\/\/bde-enac.fr\/index.php\/wp-json\/wp\/v2\/comments?post=734"}],"version-history":[{"count":3,"href":"https:\/\/bde-enac.fr\/index.php\/wp-json\/wp\/v2\/pages\/734\/revisions"}],"predecessor-version":[{"id":905,"href":"https:\/\/bde-enac.fr\/index.php\/wp-json\/wp\/v2\/pages\/734\/revisions\/905"}],"wp:attachment":[{"href":"https:\/\/bde-enac.fr\/index.php\/wp-json\/wp\/v2\/media?parent=734"}],"curies":[{"name":"wp","href":"https:\/\/api.w.org\/{rel}","templated":true}]}}